{"id":142,"date":"2017-04-05T00:25:00","date_gmt":"2017-04-05T00:25:00","guid":{"rendered":"http:\/\/expressvippizzas.com\/?page_id=142"},"modified":"2024-12-17T07:38:14","modified_gmt":"2024-12-17T07:38:14","slug":"aviso-legal-y-cookies","status":"publish","type":"page","link":"https:\/\/expressvippizzas.com\/en\/aviso-legal-y-cookies","title":{"rendered":"Legal notice and cookie policy"},"content":{"rendered":"<h1 style=\"text-align: justify;\">Aviso legal y pol\u00edtica de Cookies<\/h1>\n<p style=\"text-align: justify;\">En cumplimiento del art\u00edculo 10 de la Ley 34\/2002, de 11 de julio, de Servicios de la Sociedad de la Informaci\u00f3n y Comercio Electr\u00f3nico (LSSICE) a continuaci\u00f3n se detallan los datos identificativos de la entidad:<br \/>\nExpress Vip Pizzas<br \/>\nRaz\u00f3n social: Yega Community, SL<br \/>\nCIF: B90221664<br \/>\nDirecci\u00f3n: C\/ Hern\u00e1n Cort\u00e9s, 19, 41930, Bormujos (SEVILLA)<br \/>\nTel\u00e9fono: 854772527<br \/>\nEmail: <a href=\"mailto:info@expressvippizzas.com\">info@expressvippizzas.com<\/a><br \/>\nTomo 6078, Libro 0, Folio 95, Secci\u00f3n 8, Hoja SE 106638, Inscripci\u00f3n 1.<\/p>\n<h3 style=\"text-align: justify;\">PROTECCI\u00d3N DE DATOS.<\/h3>\n<p style=\"text-align: justify;\">Acceda a <a href=\"http:\/\/expressvippizzas.com\/en\/rgpd\/\">este enlace<\/a> para conocer mejor la Pol\u00edtica de Protecci\u00f3n de Datos de Yega Community SL Express Vip Pizzas.<\/p>\n<h3 style=\"text-align: justify;\">FINALIDAD DE LA P\u00c1GINA WEB.<\/h3>\n<p style=\"text-align: justify;\">HTTPS:\/\/EXPRESSVIPPIZZAS.COM proporciona el acceso a multitud de informaciones, servicios, programas o datos (en adelante, \u201clos contenidos\u201d) en Internet pertenecientes a Yega Community SL Express VIP Pizzas o a sus licenciantes a los que el usuario pueda tener acceso. El usuario asume la responsabilidad del uso del portal. Dicha responsabilidad se extiende al registro que fuese necesario para acceder a determinados servicios o contenidos.<br \/>\nEn dicho registro el USUARIO ser\u00e1 responsable de aportar informaci\u00f3n veraz y l\u00edcita. Como consecuencia de este registro, al usuario se le puede proporcionar una contrase\u00f1a de la que ser\u00e1 responsable, comprometi\u00e9ndose a hacer un uso diligente y confidencial de la misma.<\/p>\n<p style=\"text-align: justify;\">El usuario se compromete a hacer un uso adecuado de los contenidos y servicios (como por ejemplo servicios de chat, foros de discusi\u00f3n o grupos de noticias) que Yega Community SL Express Vip Pizzas ofrece a trav\u00e9s de su portal y con car\u00e1cter enunciativo pero no limitativo, a no emplearlos para (i) incurrir en actividades il\u00edcitas, ilegales o contrarias a la buena fe y al orden p\u00fablico; (ii) difundir contenidos o propaganda de car\u00e1cter racista, xen\u00f3fobo, pornogr\u00e1fico-ilegal, de apolog\u00eda del terrorismo o atentatorio contra los derechos humanos; (iii) provocar da\u00f1os en los sistemas f\u00edsicos y l\u00f3gicos de Yega Community SL Express Vip, de sus proveedores o de terceras personas, introducir o difundir en la red virus inform\u00e1ticos o cualesquiera otros sistemas f\u00edsicos o l\u00f3gicos que sean susceptibles de provocar los da\u00f1os anteriormente mencionados; (iv) intentar acceder y, en su caso, utilizar las cuentas de correo electr\u00f3nico de otros usuarios y modificar o manipular sus mensajes.<\/p>\n<p style=\"text-align: justify;\">Yega Community SL Express Vip Pizzas se reserva el derecho de retirar todos aquellos comentarios y aportaciones que vulneren el respeto a la dignidad de la persona, que sean discriminatorios, xen\u00f3fobos, racistas, pornogr\u00e1ficos, que atenten contra la juventud o la infancia, el orden o la seguridad p\u00fablica o que, a su juicio, no resultaran adecuados para su publicaci\u00f3n. En cualquier caso, Yega Community SL Express Vip Pizzas no ser\u00e1 responsable de las opiniones vertidas por los usuarios a trav\u00e9s de los foros, chats, u otras herramientas de participaci\u00f3n.<\/p>\n<h3 style=\"text-align: justify;\">USO Y ACCESO DE USUARIOS.<\/h3>\n<p style=\"text-align: justify;\">El Usuario queda informado, y acepta, que el acceso a la presente web no supone, en modo alguno, el inicio de una relaci\u00f3n comercial con Yega Community SL Express Vip Pizzas o cualquiera de sus delegaciones.<\/p>\n<h3 style=\"text-align: justify;\">DERECHO DE EXCLUSI\u00d3N.<\/h3>\n<p style=\"text-align: justify;\">Yega Community SL Express Vip Pizzas se reserva el derecho a denegar o retirar el acceso a portal y\/o los servicios ofrecidos sin necesidad de preaviso, a instancia propia o de un tercero, a aquellos usuarios que incumplan las presentes Condiciones Generales de Uso.<\/p>\n<h3 style=\"text-align: justify;\">PROPIEDAD INTELECTUAL E INDUSTRIAL.<\/h3>\n<p style=\"text-align: justify;\">Los derechos de propiedad intelectual del contenido de las p\u00e1ginas web, su dise\u00f1o gr\u00e1fico y c\u00f3digos son titularidad de Yega Community SL Express Vip Pizzas y, por tanto, queda prohibida su reproducci\u00f3n, distribuci\u00f3n, comunicaci\u00f3n p\u00fablica, transformaci\u00f3n o cualquier otra actividad que se pueda realizar con los contenidos de sus p\u00e1ginas web ni aun citando las fuentes, salvo consentimiento por escrito de Yega Community SL Express Vip Pizzas.<\/p>\n<h3 style=\"text-align: justify;\">CONTENIDO DE LA WEB Y ENLACES (LINKS).<\/h3>\n<p style=\"text-align: justify;\">Yega Community SL Express Vip Pizzas se reserva el derecho a actualizar, modificar o eliminar la informaci\u00f3n contenida en sus p\u00e1ginas web pudiendo incluso limitar o no permitir el acceso a dicha informaci\u00f3n a ciertos usuarios.<\/p>\n<p style=\"text-align: justify;\">Yega Community SL Express Vip Pizzas no asume responsabilidad alguna por la informaci\u00f3n contenida en p\u00e1ginas web de terceros a las que se pueda acceder por \u00ablinks\u00bb o enlaces desde cualquier p\u00e1gina web propiedad de Yega Community SL Express Vip Pizzas. La presencia de \u00ablinks\u00bb o enlaces en las p\u00e1ginas web de Yega Community SL Express Vip Pizzas tiene finalidad meramente informativa y en ning\u00fan caso supone sugerencia, invitaci\u00f3n o recomendaci\u00f3n sobre los mismos.<\/p>\n<h3 style=\"text-align: justify;\">POL\u00cdTICA DE COOKIES.<\/h3>\n<p style=\"text-align: justify;\">Yega Community SL Express Vip Pizzas, a trav\u00e9s del presente documento, recoge su Pol\u00edtica de recogida y tratamiento de cookies, en cumplimiento de lo dispuesto en el art\u00edculo 22.2 de la Ley 34\/2002, de 11 de julio, de Servicios de la Sociedad de la Informaci\u00f3n y de Comercio Electr\u00f3nico (LSSICE).<\/p>\n<p style=\"text-align: justify;\">Las cookies se almacenan en el equipo terminal del usuario (ordenador o dispositivo m\u00f3vil) y recopilan informaci\u00f3n al visitar la p\u00e1gina web www.expressvippizzas.com, con la finalidad de mejorar la usabilidad de las mismas, conocer los h\u00e1bitos o necesidades de navegaci\u00f3n de los usuarios para poder adaptarse a los mismos, as\u00ed como obtener informaci\u00f3n con fines estad\u00edsticos. En el caso de aquellos usuarios que ya sean clientes de la entidad, la informaci\u00f3n recabada con las cookies servir\u00e1 tambi\u00e9n para su identificaci\u00f3n al acceder a las distintas herramientas que la entidad pone a su disposici\u00f3n para la gesti\u00f3n de los servicios.<\/p>\n<p style=\"text-align: justify;\">La presente Pol\u00edtica de Cookies ser\u00e1 de aplicaci\u00f3n a aquellos usuarios que voluntariamente visitan las p\u00e1ginas web de la entidad, cumplimentan formularios de recogida de datos, acceden a las herramientas que la entidad pone a disposici\u00f3n de sus clientes para gestionar sus servicios, o utilizan cualquier otro servicio presente en el sitio web que implique la comunicaci\u00f3n de datos a la entidad, o el acceso a datos por la entidad, para la prestaci\u00f3n de sus servicios.<\/p>\n<p style=\"text-align: justify;\">La entidad informa a los usuarios de sus p\u00e1ginas web, de la existencia de cookies y pone a su disposici\u00f3n la presente Pol\u00edtica con la finalidad de informarles acerca del uso y del objeto de las mismas. El hecho de continuar la navegaci\u00f3n a trav\u00e9s de sus p\u00e1ginas, supone el conocimiento y la aceptaci\u00f3n de la presente Pol\u00edtica por parte de dichos usuarios.<\/p>\n<p style=\"text-align: justify;\">Yega Community SL Express Vip Pizzas utiliza los siguientes tipos de cookies:<\/p>\n<h4 style=\"text-align: justify;\">Clasificadas por su titularidad:<\/h4>\n<ul style=\"text-align: justify;\">\n<li style=\"text-align: justify;\">Cookies propias: enviadas y gestionadas directamente por la entidad.<\/li>\n<li style=\"text-align: justify;\">Cookies de terceros: enviadas y gestionadas por un tercero ajeno a la entidad, de forma an\u00f3nima, con la finalidad de realizar estudios estad\u00edsticos de navegaci\u00f3n por las p\u00e1ginas web de la entidad.<\/li>\n<\/ul>\n<h4 style=\"text-align: justify;\">Clasificadas por su finalidad:<\/h4>\n<ul style=\"text-align: justify;\">\n<li style=\"text-align: justify;\">Cookies t\u00e9cnicas y\/o de personalizaci\u00f3n: facilitan la navegaci\u00f3n, al identificar la sesi\u00f3n, permitir el acceso a herramientas de acceso restringido, adem\u00e1s de configurar a medida las opciones disponibles. Posibilitan la prestaci\u00f3n del servicio solicitado previamente por el usuario.<\/li>\n<li style=\"text-align: justify;\">Cookies de an\u00e1lisis y\/o publicidad: permiten conocer el n\u00famero de visitas recibidas en las diferentes secciones de las p\u00e1ginas web, los h\u00e1bitos y tendencias de sus usuarios y en consecuencia, poder mejorar la navegaci\u00f3n y el servicio ofrecido por la entidad (fundamentalmente, Google Analytics), as\u00ed como gestionar los espacios publicitarios incluidos en la p\u00e1gina web visitada por el usuario. Recopila datos de forma an\u00f3nima con la finalidad de obtener perfiles de navegaci\u00f3n de los usuarios.<\/li>\n<\/ul>\n<h4 style=\"text-align: justify;\">Clasificadas por su duraci\u00f3n:<\/h4>\n<ul style=\"text-align: justify;\">\n<li style=\"text-align: justify;\">Cookies de sesi\u00f3n: recaban y almacenan los datos mientras el usuario accede a la p\u00e1gina web.<\/li>\n<li style=\"text-align: justify;\">Cookies persistentes: recaban y almacenan los datos en el terminal del usuario durante un periodo de tiempo variable en funci\u00f3n de cu\u00e1l sea la finalidad para la que han sido utilizadas.<\/li>\n<\/ul>\n<p style=\"text-align: justify;\">El tiempo de conservaci\u00f3n de las cookies depender\u00e1 del tipo de que se trate y siempre ser\u00e1 el m\u00ednimo indispensable para cumplir su finalidad.<\/p>\n<p style=\"text-align: justify;\">En cualquier caso, los usuarios pueden configurar su navegador, de manera que se deshabilite o bloquee la recepci\u00f3n de todas o algunas de las cookies. El hecho de no desear recibir estas cookies, no constituye un impedimento para poder acceder a la informaci\u00f3n de los sitios web de la entidad aunque el uso de algunos servicios podr\u00e1 ser limitado.<\/p>\n<p style=\"text-align: justify;\">Si una vez otorgado el consentimiento para la recepci\u00f3n de cookies, se desease retirar \u00e9ste, se deber\u00e1n eliminar aquellas almacenadas en el equipo del usuario, a trav\u00e9s de las opciones de los diferentes navegadores.<\/p>\n<p style=\"text-align: justify;\">La forma de configurar los diferentes navegadores para ejercitar las acciones se\u00f1aladas en los p\u00e1rrafos anteriores, se puede consultar en:<\/p>\n<ul>\n<li style=\"text-align: justify;\"><a href=\"http:\/\/windows.microsoft.com\/es-es\/windows7\/how-to-manage-cookies-in-internet-explorer-9\">Explorer<\/a><\/li>\n<li style=\"text-align: justify;\"><a href=\"https:\/\/support.google.com\/chrome\/answer\/95647?hl=es\">Chrome<\/a><\/li>\n<li style=\"text-align: justify;\"><a href=\"http:\/\/support.mozilla.org\/es\/kb\/cookies-informacion-que-los-sitios-web-guardan-en-?redirectlocale=en-US&amp;redirectslug=Cookies\">Firefox<\/a><\/li>\n<\/ul>","protected":false},"excerpt":{"rendered":"<div class=\"entry-summary\">\nAviso legal y pol\u00edtica de Cookies En cumplimiento del art\u00edculo 10 de&hellip;\n<\/div>\n<div class=\"link-more\"><a href=\"https:\/\/expressvippizzas.com\/en\/aviso-legal-y-cookies\" class=\"more-link\">Continue reading<span class=\"screen-reader-text\"> &ldquo;Aviso Legal y Pol\u00edtica de Cookies&rdquo;<\/span>&hellip;<\/a><\/div>","protected":false},"author":1,"featured_media":0,"parent":0,"menu_order":0,"comment_status":"closed","ping_status":"closed","template":"page-template\/_fullwidth.php","meta":{"_joinchat":[],"footnotes":""},"class_list":["post-142","page","type-page","status-publish","hentry","entry"],"_links":{"self":[{"href":"https:\/\/expressvippizzas.com\/en\/wp-json\/wp\/v2\/pages\/142","targetHints":{"allow":["GET"]}}],"collection":[{"href":"https:\/\/expressvippizzas.com\/en\/wp-json\/wp\/v2\/pages"}],"about":[{"href":"https:\/\/expressvippizzas.com\/en\/wp-json\/wp\/v2\/types\/page"}],"author":[{"embeddable":true,"href":"https:\/\/expressvippizzas.com\/en\/wp-json\/wp\/v2\/users\/1"}],"replies":[{"embeddable":true,"href":"https:\/\/expressvippizzas.com\/en\/wp-json\/wp\/v2\/comments?post=142"}],"version-history":[{"count":15,"href":"https:\/\/expressvippizzas.com\/en\/wp-json\/wp\/v2\/pages\/142\/revisions"}],"predecessor-version":[{"id":2914,"href":"https:\/\/expressvippizzas.com\/en\/wp-json\/wp\/v2\/pages\/142\/revisions\/2914"}],"wp:attachment":[{"href":"https:\/\/expressvippizzas.com\/en\/wp-json\/wp\/v2\/media?parent=142"}],"curies":[{"name":"wp","href":"https:\/\/api.w.org\/{rel}","templated":true}]}}